{"id":9,"date":"2023-07-12T10:05:23","date_gmt":"2023-07-12T10:05:23","guid":{"rendered":"https:\/\/spaunique.net\/?page_id=9"},"modified":"2023-07-12T13:57:22","modified_gmt":"2023-07-12T13:57:22","slug":"hakkimizda","status":"publish","type":"page","link":"https:\/\/spaunique.net\/index.php\/hakkimizda\/","title":{"rendered":"Hakk\u0131m\u0131zda"},"content":{"rendered":"<p>[vc_row][vc_column][vc_column_text]SPA dan\u0131\u015fmanl\u0131k ve y\u00f6netim \u015firketi olan Spa Unique sekt\u00f6re yat\u0131r\u0131m yapmay\u0131 d\u00fc\u015f\u00fcnen yat\u0131r\u0131mc\u0131lara, kurulmakta olan veya i\u015fleyen Fitness ve Spa merkezlerine, otellere, site y\u00f6netimlerine ve kurumsal \u015firketlerin olu\u015fturmak istedi\u011fi sosyal tesis alanlar\u0131 i\u00e7erisindeki Spa ve Fitness alanlar\u0131na sekt\u00f6r\u00fcn en tecr\u00fcbeli ekibi ile operasyonel dan\u0131\u015fmanl\u0131k hizmeti verir.<\/p>\n<p>\u0130\u015fletmeler i\u00e7in standart bir sistemi kurmaktan \u00f6te; tesisin fiziki yap\u0131s\u0131, bulundu\u011fu b\u00f6lge ve hitap etmek istedi\u011fi hedef kitleye g\u00f6re \u00f6zel bir sistem olu\u015fturur. Mevcut yeni projelerinizi ya da varolan i\u015fletmelerinizi iyile\u015ftirir ve geli\u015ftirir. Merkezlerinde hijyen ve kalite standartlar\u0131ndan \u00f6d\u00fcn vermeden ayn\u0131 zamanda geli\u015fen SPA teknolojisini ve konseptlerini takip ederek, misafir memnuniyeti yaratarak her zaman tercih edilen, karl\u0131 i\u015fletme modelleri sunmay\u0131 hedefler.<\/p>\n<p>\u0130\u015fletmeler i\u00e7in detayl\u0131 fizibilite \u00e7al\u0131\u015fmalar\u0131 yaparak, amaca uygun ve ihtiyaca y\u00f6nelik ekipman deste\u011fini sa\u011flar.<\/p>\n<p>Deneyimli bir dan\u0131\u015fmanl\u0131k \u015firketi olan Spaunique \u00f6ncelikle \u015fu alanlara odaklanmaktad\u0131r.<\/p>\n<p><b>&#8211; SPA Dan\u0131\u015fmanl\u0131\u011f\u0131<br \/>\n&#8211; SPA \u0130\u015fletmecili\u011fi ve Operasyon Y\u00f6netimi<br \/>\n&#8211; Spefisik SPA ve Kozmetik \u00dcr\u00fcn Dan\u0131\u015fmanl\u0131\u011f\u0131<br \/>\n&#8211; Personel E\u011fitim ve Dan\u0131\u015fmanl\u0131\u011f\u0131<\/b>[\/vc_column_text][\/vc_column][\/vc_row]<\/p>\n","protected":false},"excerpt":{"rendered":"<p>[vc_row][vc_column][vc_column_text]SPA dan\u0131\u015fmanl\u0131k ve y\u00f6netim \u015firketi olan Spa Unique sekt\u00f6re yat\u0131r\u0131m yapmay\u0131 d\u00fc\u015f\u00fcnen yat\u0131r\u0131mc\u0131lara, kurulmakta olan veya i\u015fleyen Fitness ve Spa merkezlerine, otellere, site y\u00f6netimlerine ve kurumsal \u015firketlerin olu\u015fturmak istedi\u011fi sosyal tesis alanlar\u0131 i\u00e7erisindeki Spa ve Fitness alanlar\u0131na sekt\u00f6r\u00fcn en tecr\u00fcbeli ekibi ile operasyonel dan\u0131\u015fmanl\u0131k hizmeti verir. \u0130\u015fletmeler i\u00e7in standart bir sistemi kurmaktan \u00f6te; tesisin fiziki&hellip;<\/p>\n","protected":false},"author":1,"featured_media":0,"parent":0,"menu_order":0,"comment_status":"closed","ping_status":"closed","template":"","meta":{"footnotes":""},"class_list":["post-9","page","type-page","status-publish","hentry","description-off"],"_links":{"self":[{"href":"https:\/\/spaunique.net\/index.php\/wp-json\/wp\/v2\/pages\/9","targetHints":{"allow":["GET"]}}],"collection":[{"href":"https:\/\/spaunique.net\/index.php\/wp-json\/wp\/v2\/pages"}],"about":[{"href":"https:\/\/spaunique.net\/index.php\/wp-json\/wp\/v2\/types\/page"}],"author":[{"embeddable":true,"href":"https:\/\/spaunique.net\/index.php\/wp-json\/wp\/v2\/users\/1"}],"replies":[{"embeddable":true,"href":"https:\/\/spaunique.net\/index.php\/wp-json\/wp\/v2\/comments?post=9"}],"version-history":[{"count":3,"href":"https:\/\/spaunique.net\/index.php\/wp-json\/wp\/v2\/pages\/9\/revisions"}],"predecessor-version":[{"id":53,"href":"https:\/\/spaunique.net\/index.php\/wp-json\/wp\/v2\/pages\/9\/revisions\/53"}],"wp:attachment":[{"href":"https:\/\/spaunique.net\/index.php\/wp-json\/wp\/v2\/media?parent=9"}],"curies":[{"name":"wp","href":"https:\/\/api.w.org\/{rel}","templated":true}]}}