{"id":66,"date":"2023-07-12T14:17:15","date_gmt":"2023-07-12T14:17:15","guid":{"rendered":"https:\/\/spaunique.net\/?page_id=66"},"modified":"2024-02-05T08:59:31","modified_gmt":"2024-02-05T08:59:31","slug":"urun-danismanligi","status":"publish","type":"page","link":"https:\/\/spaunique.net\/index.php\/urun-danismanligi\/","title":{"rendered":"\u00dcr\u00fcn Dan\u0131\u015fmanl\u0131\u011f\u0131"},"content":{"rendered":"<p>[vc_row][vc_column][vc_single_image image=&#8221;136&#8243; img_size=&#8221;full&#8221;][vc_column_text]Spa&amp;Wellness ve Fitness i\u015fletmelerinin ihtiya\u00e7 duyduklar\u0131 cihaz, ekipman, \u00fcr\u00fcnlerin se\u00e7imi ve tedari\u011finde dan\u0131\u015fmal\u0131k hizmeti vermekteyiz.<\/p>\n<p>\u2022 Spa&amp;Wellness : Sauna, Buhar Odas\u0131, T\u00fcrk Hamam\u0131, Havuz, Tuz Odas\u0131, Buz \u00c7e\u015fmesi, S\u0131cak Yatak Jakuzi<br \/>\n\u200b\u2022 Terapi Du\u015flar\u0131 : Cromotherapy, Macera Du\u015f, Salyongoz Du\u015f, \u015eok Kovas\u0131, Kneipp, Bossini ve Plavis Markal\u0131 \u00dcr\u00fcnler<br \/>\n\u200b\u2022 Sa\u011fl\u0131k&amp;G\u00fczellik : Esanslar, Terapi \u00dcr\u00fcnler, Masaj Yataklar\u0131, G\u0131da Takviyeleri<br \/>\n\u200b\u2022 Dinlenme&amp;Dekorasyon : Ayd\u0131nlatma, \u00c7ini, Dekoratif Boya, PU \u00dcr\u00fcnler, Mermer \u00dcr\u00fcnler, Mobilya, Seramik &#8211; Mozaik, Cam \u00dcr\u00fcnleri, \u00c7e\u015fmeler, Ya\u011fl\u0131 Boya Tablolar, Spa M\u00fczikleri[\/vc_column_text][\/vc_column][\/vc_row]<\/p>\n","protected":false},"excerpt":{"rendered":"<p>[vc_row][vc_column][vc_single_image image=&#8221;136&#8243; img_size=&#8221;full&#8221;][vc_column_text]Spa&amp;Wellness ve Fitness i\u015fletmelerinin ihtiya\u00e7 duyduklar\u0131 cihaz, ekipman, \u00fcr\u00fcnlerin se\u00e7imi ve tedari\u011finde dan\u0131\u015fmal\u0131k hizmeti vermekteyiz. \u2022 Spa&amp;Wellness : Sauna, Buhar Odas\u0131, T\u00fcrk Hamam\u0131, Havuz, Tuz Odas\u0131, Buz \u00c7e\u015fmesi, S\u0131cak Yatak Jakuzi \u200b\u2022 Terapi Du\u015flar\u0131 : Cromotherapy, Macera Du\u015f, Salyongoz Du\u015f, \u015eok Kovas\u0131, Kneipp, Bossini ve Plavis Markal\u0131 \u00dcr\u00fcnler \u200b\u2022 Sa\u011fl\u0131k&amp;G\u00fczellik : Esanslar, Terapi&hellip;<\/p>\n","protected":false},"author":1,"featured_media":0,"parent":0,"menu_order":0,"comment_status":"closed","ping_status":"closed","template":"","meta":{"footnotes":""},"class_list":["post-66","page","type-page","status-publish","hentry","description-off"],"_links":{"self":[{"href":"https:\/\/spaunique.net\/index.php\/wp-json\/wp\/v2\/pages\/66","targetHints":{"allow":["GET"]}}],"collection":[{"href":"https:\/\/spaunique.net\/index.php\/wp-json\/wp\/v2\/pages"}],"about":[{"href":"https:\/\/spaunique.net\/index.php\/wp-json\/wp\/v2\/types\/page"}],"author":[{"embeddable":true,"href":"https:\/\/spaunique.net\/index.php\/wp-json\/wp\/v2\/users\/1"}],"replies":[{"embeddable":true,"href":"https:\/\/spaunique.net\/index.php\/wp-json\/wp\/v2\/comments?post=66"}],"version-history":[{"count":3,"href":"https:\/\/spaunique.net\/index.php\/wp-json\/wp\/v2\/pages\/66\/revisions"}],"predecessor-version":[{"id":137,"href":"https:\/\/spaunique.net\/index.php\/wp-json\/wp\/v2\/pages\/66\/revisions\/137"}],"wp:attachment":[{"href":"https:\/\/spaunique.net\/index.php\/wp-json\/wp\/v2\/media?parent=66"}],"curies":[{"name":"wp","href":"https:\/\/api.w.org\/{rel}","templated":true}]}}