{"id":64,"date":"2023-07-12T14:16:18","date_gmt":"2023-07-12T14:16:18","guid":{"rendered":"https:\/\/spaunique.net\/?page_id=64"},"modified":"2024-02-05T08:56:47","modified_gmt":"2024-02-05T08:56:47","slug":"fitness-danismanligi-ve-isletmeciligi","status":"publish","type":"page","link":"https:\/\/spaunique.net\/index.php\/fitness-danismanligi-ve-isletmeciligi\/","title":{"rendered":"Fitness Dan\u0131\u015fmanl\u0131\u011f\u0131 ve \u0130\u015fletmecili\u011fi"},"content":{"rendered":"<p>[vc_row][vc_column][vc_single_image image=&#8221;133&#8243; img_size=&#8221;full&#8221;][vc_column_text]Sekt\u00f6re yat\u0131r\u0131m yapmay\u0131 d\u00fc\u015f\u00fcnen yat\u0131r\u0131mc\u0131lara, kurulmakta olan veya i\u015fleyen fitness merkezlerine, otellere, al\u0131\u015fveri\u015f merkezlerine, site y\u00f6netimlerine, plazalara, in\u015faat \u015firketlerine yada kurumsal \u015firketlerin olu\u015fturmak istedi\u011fi sosyal tesis alanlar\u0131 i\u00e7erisindeki fitness alan\u0131n\u0131n projelendirilmesi ile ilgili konularda sekt\u00f6r\u00fcn en tecr\u00fcbeli ekibi ile yat\u0131r\u0131mc\u0131lara dan\u0131\u015fmanl\u0131k hizmeti vermekteyiz.<\/p>\n<p>\u2022 Projelendirme<br \/>\n\u200b\u2022 Personel temini<br \/>\n\u200b\u2022 Ekipman temini<br \/>\n\u200b\u2022 \u0130\u015fletme sisteminin kurulmas\u0131<br \/>\n\u200b\u2022 Personel e\u011fitimi<br \/>\n\u200b\u2022 Y\u0131ll\u0131k \u00fcyelik fiyatlar\u0131n\u0131n belirlenmesi<br \/>\n\u200b\u2022 Ders programlar\u0131n\u0131n belirlenmesi[\/vc_column_text][\/vc_column][\/vc_row]<\/p>\n","protected":false},"excerpt":{"rendered":"<p>[vc_row][vc_column][vc_single_image image=&#8221;133&#8243; img_size=&#8221;full&#8221;][vc_column_text]Sekt\u00f6re yat\u0131r\u0131m yapmay\u0131 d\u00fc\u015f\u00fcnen yat\u0131r\u0131mc\u0131lara, kurulmakta olan veya i\u015fleyen fitness merkezlerine, otellere, al\u0131\u015fveri\u015f merkezlerine, site y\u00f6netimlerine, plazalara, in\u015faat \u015firketlerine yada kurumsal \u015firketlerin olu\u015fturmak istedi\u011fi sosyal tesis alanlar\u0131 i\u00e7erisindeki fitness alan\u0131n\u0131n projelendirilmesi ile ilgili konularda sekt\u00f6r\u00fcn en tecr\u00fcbeli ekibi ile yat\u0131r\u0131mc\u0131lara dan\u0131\u015fmanl\u0131k hizmeti vermekteyiz. \u2022 Projelendirme \u200b\u2022 Personel temini \u200b\u2022 Ekipman temini \u200b\u2022 \u0130\u015fletme&hellip;<\/p>\n","protected":false},"author":1,"featured_media":0,"parent":0,"menu_order":0,"comment_status":"closed","ping_status":"closed","template":"","meta":{"footnotes":""},"class_list":["post-64","page","type-page","status-publish","hentry","description-off"],"_links":{"self":[{"href":"https:\/\/spaunique.net\/index.php\/wp-json\/wp\/v2\/pages\/64","targetHints":{"allow":["GET"]}}],"collection":[{"href":"https:\/\/spaunique.net\/index.php\/wp-json\/wp\/v2\/pages"}],"about":[{"href":"https:\/\/spaunique.net\/index.php\/wp-json\/wp\/v2\/types\/page"}],"author":[{"embeddable":true,"href":"https:\/\/spaunique.net\/index.php\/wp-json\/wp\/v2\/users\/1"}],"replies":[{"embeddable":true,"href":"https:\/\/spaunique.net\/index.php\/wp-json\/wp\/v2\/comments?post=64"}],"version-history":[{"count":2,"href":"https:\/\/spaunique.net\/index.php\/wp-json\/wp\/v2\/pages\/64\/revisions"}],"predecessor-version":[{"id":134,"href":"https:\/\/spaunique.net\/index.php\/wp-json\/wp\/v2\/pages\/64\/revisions\/134"}],"wp:attachment":[{"href":"https:\/\/spaunique.net\/index.php\/wp-json\/wp\/v2\/media?parent=64"}],"curies":[{"name":"wp","href":"https:\/\/api.w.org\/{rel}","templated":true}]}}