{"id":61,"date":"2023-07-12T14:14:21","date_gmt":"2023-07-12T14:14:21","guid":{"rendered":"https:\/\/spaunique.net\/?page_id=61"},"modified":"2024-02-05T08:53:13","modified_gmt":"2024-02-05T08:53:13","slug":"mimari-proje-danismanligi","status":"publish","type":"page","link":"https:\/\/spaunique.net\/index.php\/mimari-proje-danismanligi\/","title":{"rendered":"Mimari Proje Dan\u0131\u015fmanl\u0131\u011f\u0131"},"content":{"rendered":"<p>[vc_row][vc_column][vc_single_image image=&#8221;130&#8243; img_size=&#8221;full&#8221;][vc_column_text]\u2022 Tasar\u0131m ve konsept geli\u015ftirme<br \/>\n\u200b\u2022 Mimari geli\u015ftirme ve m\u00fchendislik<br \/>\n\u200b\u2022 3D tasar\u0131m uygulamalar\u0131<br \/>\n\u200b\u2022 Tedarik\u00e7i listeleri<br \/>\n\u200b\u2022 Teklif d\u00fczenleme<br \/>\n\u200b\u2022 Malzeme Spect ve adetlerin belirlenmesi<br \/>\n\u200b\u2022 R\u00f6leve<br \/>\n\u200b\u2022 Spa&amp;Wellness yat\u0131r\u0131m b\u00fct\u00e7esi olu\u015fturma<br \/>\n\u200b\u2022 Proje koordinasyonu ve m\u00fc\u015fteri g\u00f6r\u00fc\u015fmeleri<br \/>\n\u200b\u2022 Ekonomik in\u015faat y\u00f6netimi<br \/>\n\u200b\u2022 \u0130n\u015faat d\u00f6k\u00fcmantasyonu[\/vc_column_text][\/vc_column][\/vc_row]<\/p>\n","protected":false},"excerpt":{"rendered":"<p>[vc_row][vc_column][vc_single_image image=&#8221;130&#8243; img_size=&#8221;full&#8221;][vc_column_text]\u2022 Tasar\u0131m ve konsept geli\u015ftirme \u200b\u2022 Mimari geli\u015ftirme ve m\u00fchendislik \u200b\u2022 3D tasar\u0131m uygulamalar\u0131 \u200b\u2022 Tedarik\u00e7i listeleri \u200b\u2022 Teklif d\u00fczenleme \u200b\u2022 Malzeme Spect ve adetlerin belirlenmesi \u200b\u2022 R\u00f6leve \u200b\u2022 Spa&amp;Wellness yat\u0131r\u0131m b\u00fct\u00e7esi olu\u015fturma \u200b\u2022 Proje koordinasyonu ve m\u00fc\u015fteri g\u00f6r\u00fc\u015fmeleri \u200b\u2022 Ekonomik in\u015faat y\u00f6netimi \u200b\u2022 \u0130n\u015faat d\u00f6k\u00fcmantasyonu[\/vc_column_text][\/vc_column][\/vc_row]<\/p>\n","protected":false},"author":1,"featured_media":0,"parent":0,"menu_order":0,"comment_status":"closed","ping_status":"closed","template":"","meta":{"footnotes":""},"class_list":["post-61","page","type-page","status-publish","hentry","description-off"],"_links":{"self":[{"href":"https:\/\/spaunique.net\/index.php\/wp-json\/wp\/v2\/pages\/61","targetHints":{"allow":["GET"]}}],"collection":[{"href":"https:\/\/spaunique.net\/index.php\/wp-json\/wp\/v2\/pages"}],"about":[{"href":"https:\/\/spaunique.net\/index.php\/wp-json\/wp\/v2\/types\/page"}],"author":[{"embeddable":true,"href":"https:\/\/spaunique.net\/index.php\/wp-json\/wp\/v2\/users\/1"}],"replies":[{"embeddable":true,"href":"https:\/\/spaunique.net\/index.php\/wp-json\/wp\/v2\/comments?post=61"}],"version-history":[{"count":3,"href":"https:\/\/spaunique.net\/index.php\/wp-json\/wp\/v2\/pages\/61\/revisions"}],"predecessor-version":[{"id":132,"href":"https:\/\/spaunique.net\/index.php\/wp-json\/wp\/v2\/pages\/61\/revisions\/132"}],"wp:attachment":[{"href":"https:\/\/spaunique.net\/index.php\/wp-json\/wp\/v2\/media?parent=61"}],"curies":[{"name":"wp","href":"https:\/\/api.w.org\/{rel}","templated":true}]}}