{"id":59,"date":"2023-07-12T14:17:50","date_gmt":"2023-07-12T14:17:50","guid":{"rendered":"https:\/\/spaunique.net\/?page_id=59"},"modified":"2024-02-05T08:50:22","modified_gmt":"2024-02-05T08:50:22","slug":"spa-wellness-danismanligi-ve-isletmeciligi","status":"publish","type":"page","link":"https:\/\/spaunique.net\/index.php\/spa-wellness-danismanligi-ve-isletmeciligi\/","title":{"rendered":"Spa &#038; Wellness Dan\u0131\u015fmanl\u0131\u011f\u0131 ve \u0130\u015fletmecili\u011fi"},"content":{"rendered":"<p>[vc_row][vc_column][vc_single_image image=&#8221;128&#8243; img_size=&#8221;full&#8221;][vc_column_text]\u0130\u015f hayat\u0131n\u0131n stresinden ar\u0131nmak,ruh ve bedeni ke\u015ffetmek, modern hayat\u0131n zararlar\u0131n\u0131 tamir etmek, ruh ve bedenin uyumunu bulmak isteyen insanlar\u0131n aray\u0131\u015f\u0131 neticesinde Spa&amp;Wellness g\u00fcn\u00fcm\u00fcz\u00fcn y\u00fckselen trendleri aras\u0131ndad\u0131r.\u2028Konvensiyonel tatil d\u0131\u015f\u0131nda, aray\u0131\u015f i\u00e7erisinde olan bir \u00e7ok ki\u015fi b\u00fcnyesinde Spa&amp;Wellness bulunduran otelleri veya konusu sadece bu olan i\u015fletmeleri tercih etmektedir. Bu noktada biz Spaunique Dan\u0131\u015fmanl\u0131k olarak mevcut yeni projelerinizi ya da varolan i\u015fletmelerinizi iyile\u015ftirir ve geli\u015ftiririz.<\/p>\n<p>\u2022 Spa gelir ve gider b\u00fct\u00e7esinin olu\u015fturulmas\u0131.<br \/>\n\u200b\u2022 Spa konsepti haz\u0131rlama ve \u015firket standartlar\u0131na g\u00f6re konumlama.<br \/>\n\u200b\u2022 Konsept belirleme ve geli\u015ftirme.<br \/>\n\u200b\u2022 Spa men\u00fc haz\u0131rl\u0131\u011f\u0131n\u0131n yap\u0131lmas\u0131 ve uygulamalar\u0131n fiyat belirlemesi.<br \/>\n\u200b\u2022 Operasyon y\u00f6netimi.<br \/>\n\u200b\u2022 Konsepte uygun sat\u0131\u015f \u00fcr\u00fcnlerinin \u00f6nerilmesi , se\u00e7ilmesi ve ayr\u0131ca fiyatlar\u0131n\u0131n belirlenmesi<br \/>\n\u200b\u2022 Sat\u0131\u015f ve pazarlama konseptinin olu\u015fturulmas\u0131 ve takibinin yap\u0131lmas\u0131.<br \/>\n\u200b\u2022 \u0130\u015fletme s\u00fcre\u00e7 standartlar\u0131n\u0131n, hareket tarzlar\u0131n\u0131n ve taktiklerin geli\u015ftirilmesi ve uygulanmas\u0131<br \/>\n\u200b\u2022 Halk ve ili\u015fkiler konseptinin olu\u015fturulmas\u0131 ve takibinin yap\u0131lmas\u0131.<br \/>\n\u200b\u2022 Konseptin sat\u0131n alma ve depo y\u00f6netiminin standartlara g\u00f6re uyarlanmas\u0131 ve sistemin kurulmas\u0131.<br \/>\n\u200b\u2022 Maliyet belirleme ve b\u00fct\u00e7elendirme.<br \/>\n\u200b\u2022 Yerli veya yabanc\u0131 personel temini.<br \/>\n\u200b\u2022 Personelin operasyon e\u011fitimlerinin verilmesi.<br \/>\n\u200b\u2022 Merkezin ihtiyac\u0131 olan pazarlama ve promosyon aktivitelerinin hayata ge\u00e7irilmesi.<br \/>\n\u200b\u2022 SPA m\u00fcd\u00fcr\u00fc \u2013 Y\u00f6netim e\u011fitimlerinin verilmesi.<br \/>\n\u200b\u2022 Terapistlerin mesleki geli\u015ftirme e\u011fitimleri[\/vc_column_text][\/vc_column][\/vc_row]<\/p>\n","protected":false},"excerpt":{"rendered":"<p>[vc_row][vc_column][vc_single_image image=&#8221;128&#8243; img_size=&#8221;full&#8221;][vc_column_text]\u0130\u015f hayat\u0131n\u0131n stresinden ar\u0131nmak,ruh ve bedeni ke\u015ffetmek, modern hayat\u0131n zararlar\u0131n\u0131 tamir etmek, ruh ve bedenin uyumunu bulmak isteyen insanlar\u0131n aray\u0131\u015f\u0131 neticesinde Spa&amp;Wellness g\u00fcn\u00fcm\u00fcz\u00fcn y\u00fckselen trendleri aras\u0131ndad\u0131r.\u2028Konvensiyonel tatil d\u0131\u015f\u0131nda, aray\u0131\u015f i\u00e7erisinde olan bir \u00e7ok ki\u015fi b\u00fcnyesinde Spa&amp;Wellness bulunduran otelleri veya konusu sadece bu olan i\u015fletmeleri tercih etmektedir. Bu noktada biz Spaunique Dan\u0131\u015fmanl\u0131k olarak mevcut&hellip;<\/p>\n","protected":false},"author":1,"featured_media":0,"parent":0,"menu_order":0,"comment_status":"closed","ping_status":"closed","template":"","meta":{"footnotes":""},"class_list":["post-59","page","type-page","status-publish","hentry","description-off"],"_links":{"self":[{"href":"https:\/\/spaunique.net\/index.php\/wp-json\/wp\/v2\/pages\/59","targetHints":{"allow":["GET"]}}],"collection":[{"href":"https:\/\/spaunique.net\/index.php\/wp-json\/wp\/v2\/pages"}],"about":[{"href":"https:\/\/spaunique.net\/index.php\/wp-json\/wp\/v2\/types\/page"}],"author":[{"embeddable":true,"href":"https:\/\/spaunique.net\/index.php\/wp-json\/wp\/v2\/users\/1"}],"replies":[{"embeddable":true,"href":"https:\/\/spaunique.net\/index.php\/wp-json\/wp\/v2\/comments?post=59"}],"version-history":[{"count":3,"href":"https:\/\/spaunique.net\/index.php\/wp-json\/wp\/v2\/pages\/59\/revisions"}],"predecessor-version":[{"id":127,"href":"https:\/\/spaunique.net\/index.php\/wp-json\/wp\/v2\/pages\/59\/revisions\/127"}],"wp:attachment":[{"href":"https:\/\/spaunique.net\/index.php\/wp-json\/wp\/v2\/media?parent=59"}],"curies":[{"name":"wp","href":"https:\/\/api.w.org\/{rel}","templated":true}]}}